{"id":9027,"date":"2025-08-21T18:29:41","date_gmt":"2025-08-21T18:29:41","guid":{"rendered":"https:\/\/glamdermis.com\/?page_id=9027"},"modified":"2025-09-23T15:13:17","modified_gmt":"2025-09-23T15:13:17","slug":"octubrerosa","status":"publish","type":"page","link":"https:\/\/glamdermis.com\/en\/octubrerosa\/","title":{"rendered":"Jornada Solidaria Octubre Rosa"},"content":{"rendered":"<div data-elementor-type=\"wp-page\" data-elementor-id=\"9027\" class=\"elementor elementor-9027\">\n\t\t\t\t<div class=\"elementor-element elementor-element-25c29aab e-flex e-con-boxed e-con e-parent\" data-id=\"25c29aab\" data-element_type=\"container\" data-core-v316-plus=\"true\">\n\t\t\t\t\t<div class=\"e-con-inner\">\n\t\t\t\t<div class=\"elementor-element elementor-element-3ec9864 elementor-widget elementor-widget-image\" data-id=\"3ec9864\" data-element_type=\"widget\" data-widget_type=\"image.default\">\n\t\t\t\t<div class=\"elementor-widget-container\">\n\t\t\t<style>\/*! elementor - v3.20.0 - 10-04-2024 *\/\n.elementor-widget-image{text-align:center}.elementor-widget-image a{display:inline-block}.elementor-widget-image a img[src$=\".svg\"]{width:48px}.elementor-widget-image img{vertical-align:middle;display:inline-block}<\/style>\t\t\t\t\t\t\t\t\t\t<img fetchpriority=\"high\" decoding=\"async\" width=\"1024\" height=\"262\" src=\"https:\/\/glamdermis.com\/wp-content\/uploads\/2025\/08\/octubre-1024x262.jpg\" class=\"attachment-large size-large wp-image-9068\" alt=\"\" srcset=\"https:\/\/glamdermis.com\/wp-content\/uploads\/2025\/08\/octubre-1024x262.jpg 1024w, https:\/\/glamdermis.com\/wp-content\/uploads\/2025\/08\/octubre-300x77.jpg 300w, https:\/\/glamdermis.com\/wp-content\/uploads\/2025\/08\/octubre-768x197.jpg 768w, https:\/\/glamdermis.com\/wp-content\/uploads\/2025\/08\/octubre-18x5.jpg 18w, https:\/\/glamdermis.com\/wp-content\/uploads\/2025\/08\/octubre-600x154.jpg 600w, https:\/\/glamdermis.com\/wp-content\/uploads\/2025\/08\/octubre.jpg 1199w\" sizes=\"(max-width: 1024px) 100vw, 1024px\" \/>\t\t\t\t\t\t\t\t\t\t\t\t\t<\/div>\n\t\t\t\t<\/div>\n\t\t\t\t<div class=\"elementor-element elementor-element-27bd086 elementor-widget elementor-widget-heading\" data-id=\"27bd086\" data-element_type=\"widget\" data-widget_type=\"heading.default\">\n\t\t\t\t<div class=\"elementor-widget-container\">\n\t\t\t<style>\/*! elementor - v3.20.0 - 10-04-2024 *\/\n.elementor-heading-title{padding:0;margin:0;line-height:1}.elementor-widget-heading .elementor-heading-title[class*=elementor-size-]>a{color:inherit;font-size:inherit;line-height:inherit}.elementor-widget-heading .elementor-heading-title.elementor-size-small{font-size:15px}.elementor-widget-heading .elementor-heading-title.elementor-size-medium{font-size:19px}.elementor-widget-heading .elementor-heading-title.elementor-size-large{font-size:29px}.elementor-widget-heading .elementor-heading-title.elementor-size-xl{font-size:39px}.elementor-widget-heading .elementor-heading-title.elementor-size-xxl{font-size:59px}<\/style><h2 class=\"elementor-heading-title elementor-size-default\">Registro Pacientes<\/h2>\t\t<\/div>\n\t\t\t\t<\/div>\n\t\t\t\t<div class=\"elementor-element elementor-element-693ed376 elementor-widget elementor-widget-text-editor\" data-id=\"693ed376\" data-element_type=\"widget\" data-widget_type=\"text-editor.default\">\n\t\t\t\t<div class=\"elementor-widget-container\">\n\t\t\t<style>\/*! elementor - v3.20.0 - 10-04-2024 *\/\n.elementor-widget-text-editor.elementor-drop-cap-view-stacked .elementor-drop-cap{background-color:#69727d;color:#fff}.elementor-widget-text-editor.elementor-drop-cap-view-framed .elementor-drop-cap{color:#69727d;border:3px solid;background-color:transparent}.elementor-widget-text-editor:not(.elementor-drop-cap-view-default) .elementor-drop-cap{margin-top:8px}.elementor-widget-text-editor:not(.elementor-drop-cap-view-default) .elementor-drop-cap-letter{width:1em;height:1em}.elementor-widget-text-editor .elementor-drop-cap{float:left;text-align:center;line-height:1;font-size:50px}.elementor-widget-text-editor .elementor-drop-cap-letter{display:inline-block}<\/style>\t\t\t\t<p>Durante m\u00e1s de 8 a\u00f1os, <strong>Glamdermis Med Spa &amp; Academy<\/strong>, en apoyo con la Fundaci\u00f3n Doral Pro Health, ha donado cejas y realizado micropigmentaci\u00f3n param\u00e9dica para sobrevivientes de c\u00e1ncer, ofreciendo belleza, confianza y esperanza.<\/p>\n<p>Este 18 de octubre, en el marco del D\u00eda Mundial de la Lucha contra el C\u00e1ncer de Mama, realizaremos por primera vez una Jornada Solidaria bajo nuestra organizaci\u00f3n Glamdermis Cares Foundation, dirigida a pacientes que deseen recuperar su imagen y fortalecer su confianza.<\/p>\n<p>\u00a0<\/p>\n<p><!-- \/wp:paragraph --><\/p>\t\t\t\t\t\t<\/div>\n\t\t\t\t<\/div>\n\t\t\t\t<div class=\"elementor-element elementor-element-73a90de elementor-widget__width-initial elementor-widget elementor-widget-wpforms\" data-id=\"73a90de\" data-element_type=\"widget\" data-widget_type=\"wpforms.default\">\n\t\t\t\t<div class=\"elementor-widget-container\">\n\t\t\t<style id=\"wpforms-css-vars-root\">\n\t\t\t\t:root {\n\t\t\t\t\t--wpforms-field-border-radius: 3px;\n--wpforms-field-background-color: #ffffff;\n--wpforms-field-border-color: rgba( 0, 0, 0, 0.25 );\n--wpforms-field-text-color: rgba( 0, 0, 0, 0.7 );\n--wpforms-label-color: rgba( 0, 0, 0, 0.85 );\n--wpforms-label-sublabel-color: rgba( 0, 0, 0, 0.55 );\n--wpforms-label-error-color: #d63637;\n--wpforms-button-border-radius: 3px;\n--wpforms-button-background-color: #066aab;\n--wpforms-button-text-color: #ffffff;\n--wpforms-page-break-color: #066aab;\n--wpforms-field-size-input-height: 43px;\n--wpforms-field-size-input-spacing: 15px;\n--wpforms-field-size-font-size: 16px;\n--wpforms-field-size-line-height: 19px;\n--wpforms-field-size-padding-h: 14px;\n--wpforms-field-size-checkbox-size: 16px;\n--wpforms-field-size-sublabel-spacing: 5px;\n--wpforms-field-size-icon-size: 1;\n--wpforms-label-size-font-size: 16px;\n--wpforms-label-size-line-height: 19px;\n--wpforms-label-size-sublabel-font-size: 14px;\n--wpforms-label-size-sublabel-line-height: 17px;\n--wpforms-button-size-font-size: 17px;\n--wpforms-button-size-height: 41px;\n--wpforms-button-size-padding-h: 15px;\n--wpforms-button-size-margin-top: 10px;\n\n\t\t\t\t}\n\t\t\t<\/style><style id=\"wpforms-css-vars-elementor-widget-73a90de\">\n\t\t\t\t.elementor-widget-wpforms.elementor-element-73a90de {\n\t\t\t\t\t--wpforms-field-background-color: #FFFFFF;\n--wpforms-label-color: #FFFFFF;\n--wpforms-button-border-radius: 7px;\n--wpforms-button-background-color: #FF60F3;\n--wpforms-field-size-input-height: 43px;\n--wpforms-field-size-input-spacing: 15px;\n--wpforms-field-size-font-size: 16px;\n--wpforms-field-size-line-height: 19px;\n--wpforms-field-size-padding-h: 14px;\n--wpforms-field-size-checkbox-size: 16px;\n--wpforms-field-size-sublabel-spacing: 5px;\n--wpforms-field-size-icon-size: 1;\n--wpforms-label-size-font-size: 18px;\n--wpforms-label-size-line-height: 21px;\n--wpforms-label-size-sublabel-font-size: 16px;\n--wpforms-label-size-sublabel-line-height: 19px;\n--wpforms-button-size-font-size: 20px;\n--wpforms-button-size-height: 48px;\n--wpforms-button-size-padding-h: 20px;\n--wpforms-button-size-margin-top: 15px;\n\n\t\t\t\t}\n\t\t\t<\/style><div class=\"wpforms-container wpforms-container-full wpforms-render-modern\" id=\"wpforms-9040\"><form id=\"wpforms-form-9040\" class=\"wpforms-validate wpforms-form wpforms-ajax-form\" data-formid=\"9040\" method=\"post\" enctype=\"multipart\/form-data\" action=\"\/en\/wp-json\/wp\/v2\/pages\/9027\" data-token=\"81ca014d1f712b049142243c04a72e29\" data-trp-original-action=\"\/en\/wp-json\/wp\/v2\/pages\/9027\"><noscript class=\"wpforms-error-noscript\">Please enable JavaScript in your browser to complete this form.<\/noscript><div class=\"wpforms-hidden\" id=\"wpforms-error-noscript\">Please enable JavaScript in your browser to complete this form.<\/div><div class=\"wpforms-field-container\"><div id=\"wpforms-9040-field_1-container\" class=\"wpforms-field wpforms-field-name\" data-field-id=\"1\"><label class=\"wpforms-field-label\" for=\"wpforms-9040-field_1\">Full Name <span class=\"wpforms-required-label\" aria-hidden=\"true\">*<\/span><\/label><input type=\"text\" id=\"wpforms-9040-field_1\" class=\"wpforms-field-large wpforms-field-required\" name=\"wpforms[fields][1]\" aria-errormessage=\"wpforms-9040-field_1-error\" required><\/div><div id=\"wpforms-9040-field_2-container\" class=\"wpforms-field wpforms-field-text\" data-field-id=\"2\"><label class=\"wpforms-field-label\" for=\"wpforms-9040-field_2\">Tel\u00e9fono ( WhatsApp )<\/label><input type=\"text\" id=\"wpforms-9040-field_2\" class=\"wpforms-field-large\" name=\"wpforms[fields][2]\" aria-errormessage=\"wpforms-9040-field_2-error\" ><\/div><div id=\"wpforms-9040-field_3-container\" class=\"wpforms-field wpforms-field-email\" data-field-id=\"3\"><label class=\"wpforms-field-label\" for=\"wpforms-9040-field_3\">Email <span class=\"wpforms-required-label\" aria-hidden=\"true\">*<\/span><\/label><input type=\"email\" id=\"wpforms-9040-field_3\" class=\"wpforms-field-large wpforms-field-required\" name=\"wpforms[fields][3]\" spellcheck=\"false\" aria-errormessage=\"wpforms-9040-field_3-error\" required><\/div><div id=\"wpforms-9040-field_4-container\" class=\"wpforms-field wpforms-field-radio\" data-field-id=\"4\"><fieldset><legend class=\"wpforms-field-label\">Servicio de Interes<\/legend><ul id=\"wpforms-9040-field_4\"><li class=\"choice-1 depth-1\"><input type=\"radio\" id=\"wpforms-9040-field_4_1\" name=\"wpforms[fields][4]\" value=\"Cejas\" aria-errormessage=\"wpforms-9040-field_4_1-error\"  ><label class=\"wpforms-field-label-inline\" for=\"wpforms-9040-field_4_1\">Brows<\/label><\/li><li class=\"choice-7 depth-1\"><input type=\"radio\" id=\"wpforms-9040-field_4_7\" name=\"wpforms[fields][4]\" value=\"Cejas con Henna\" aria-errormessage=\"wpforms-9040-field_4_7-error\"  ><label class=\"wpforms-field-label-inline\" for=\"wpforms-9040-field_4_7\">Cejas con Henna<\/label><\/li><li class=\"choice-2 depth-1\"><input type=\"radio\" id=\"wpforms-9040-field_4_2\" name=\"wpforms[fields][4]\" value=\"Areolas\" aria-errormessage=\"wpforms-9040-field_4_2-error\"  ><label class=\"wpforms-field-label-inline\" for=\"wpforms-9040-field_4_2\">Areolas<\/label><\/li><li class=\"choice-3 depth-1\"><input type=\"radio\" id=\"wpforms-9040-field_4_3\" name=\"wpforms[fields][4]\" value=\"L\u00ednea de pesta\u00f1as\" aria-errormessage=\"wpforms-9040-field_4_3-error\"  ><label class=\"wpforms-field-label-inline\" for=\"wpforms-9040-field_4_3\">L\u00ednea de pesta\u00f1as<\/label><\/li><li class=\"choice-4 depth-1\"><input type=\"radio\" id=\"wpforms-9040-field_4_4\" name=\"wpforms[fields][4]\" value=\"Cicatrices\" aria-errormessage=\"wpforms-9040-field_4_4-error\"  ><label class=\"wpforms-field-label-inline\" for=\"wpforms-9040-field_4_4\">Cicatrices<\/label><\/li><li class=\"choice-5 depth-1\"><input type=\"radio\" id=\"wpforms-9040-field_4_5\" name=\"wpforms[fields][4]\" value=\"Maquillaje\" aria-errormessage=\"wpforms-9040-field_4_5-error\"  ><label class=\"wpforms-field-label-inline\" for=\"wpforms-9040-field_4_5\">Maquillaje<\/label><\/li><li class=\"choice-6 depth-1\"><input type=\"radio\" id=\"wpforms-9040-field_4_6\" name=\"wpforms[fields][4]\" value=\"U\u00f1as\" aria-errormessage=\"wpforms-9040-field_4_6-error\"  ><label class=\"wpforms-field-label-inline\" for=\"wpforms-9040-field_4_6\">U\u00f1as<\/label><\/li><li class=\"choice-8 depth-1\"><input type=\"radio\" id=\"wpforms-9040-field_4_8\" name=\"wpforms[fields][4]\" value=\"Facial\" aria-errormessage=\"wpforms-9040-field_4_8-error\"  ><label class=\"wpforms-field-label-inline\" for=\"wpforms-9040-field_4_8\">Facial<\/label><\/li><li class=\"choice-9 depth-1\"><input type=\"radio\" id=\"wpforms-9040-field_4_9\" name=\"wpforms[fields][4]\" value=\"Masaje\" aria-errormessage=\"wpforms-9040-field_4_9-error\"  ><label class=\"wpforms-field-label-inline\" for=\"wpforms-9040-field_4_9\">Masaje<\/label><\/li><\/ul><\/fieldset><\/div><div id=\"wpforms-9040-field_6-container\" class=\"wpforms-field wpforms-field-select wpforms-field-select-style-classic\" data-field-id=\"6\"><label class=\"wpforms-field-label\" for=\"wpforms-9040-field_6\">\u00bfEst\u00e1s en tratamiento o eres sobreviviente?<\/label><select id=\"wpforms-9040-field_6\" class=\"wpforms-field-medium\" name=\"wpforms[fields][6]\"><option value=\"Tratamiento\" >Tratamiento<\/option><option value=\"Sobreviviente\" >Sobreviviente<\/option><\/select><\/div><div id=\"wpforms-9040-field_8-container\" class=\"wpforms-field wpforms-field-text\" data-field-id=\"8\"><label class=\"wpforms-field-label\" for=\"wpforms-9040-field_8\">\u00bfQue medicamentos est\u00e1 tomando?<\/label><input type=\"text\" id=\"wpforms-9040-field_8\" class=\"wpforms-field-medium\" name=\"wpforms[fields][8]\" aria-errormessage=\"wpforms-9040-field_8-error\" aria-describedby=\"wpforms-9040-field_8-description\" ><div id=\"wpforms-9040-field_8-description\" class=\"wpforms-field-description\">Especifique<\/div><\/div><div id=\"wpforms-9040-field_5-container\" class=\"wpforms-field wpforms-field-textarea\" data-field-id=\"5\"><label class=\"wpforms-field-label\" for=\"wpforms-9040-field_5\">Comentarios o Informaci\u00f3n m\u00e9dica relevante<\/label><textarea id=\"wpforms-9040-field_5\" class=\"wpforms-field-medium\" name=\"wpforms[fields][5]\" aria-errormessage=\"wpforms-9040-field_5-error\" ><\/textarea><\/div><div id=\"wpforms-9040-field_9-container\" class=\"wpforms-field wpforms-field-checkbox\" data-field-id=\"9\"><fieldset><legend class=\"wpforms-field-label wpforms-label-hide\" aria-hidden=\"false\"> <span class=\"wpforms-required-label\" aria-hidden=\"true\">*<\/span><\/legend><ul id=\"wpforms-9040-field_9\" class=\"wpforms-field-required\"><li class=\"choice-1 depth-1\"><input type=\"checkbox\" id=\"wpforms-9040-field_9_1\" name=\"wpforms[fields][9][]\" value=\"Autorizaci\u00f3n de fotos y videos para redes sociales\" aria-errormessage=\"wpforms-9040-field_9_1-error\" aria-describedby=\"wpforms-9040-field_9-description\" required><label class=\"wpforms-field-label-inline\" for=\"wpforms-9040-field_9_1\">Autorizaci\u00f3n de fotos y videos para redes sociales <span class=\"wpforms-required-label\">*<\/span><\/label><\/li><\/ul><div id=\"wpforms-9040-field_9-description\" class=\"wpforms-field-description wpforms-disclaimer-description\">Declaro que autorizo de manera expresa el uso de mi imagen y\/o voz en fotograf\u00edas y videos para su difusi\u00f3n en redes sociales, medios digitales y material institucional<\/div><\/fieldset><\/div><\/div><!-- .wpforms-field-container --><div class=\"wpforms-submit-container\" ><input type=\"hidden\" name=\"wpforms[id]\" value=\"9040\"><input type=\"hidden\" name=\"wpforms[author]\" value=\"1\"><button type=\"submit\" name=\"wpforms[submit]\" id=\"wpforms-submit-9040\" class=\"wpforms-submit\" data-alt-text=\"Enviando...\" data-submit-text=\"Enviar\" aria-live=\"assertive\" value=\"wpforms-submit\">Enviar<\/button><img decoding=\"async\" src=\"https:\/\/glamdermis.com\/wp-content\/plugins\/wpforms-lite\/assets\/images\/submit-spin.svg\" class=\"wpforms-submit-spinner\" style=\"display: none;\" width=\"26\" height=\"26\" alt=\"Loading\"><\/div><input type=\"hidden\" name=\"trp-form-language\" value=\"en\"\/><\/form><\/div>  <!-- .wpforms-container -->\t\t<\/div>\n\t\t\t\t<\/div>\n\t\t\t\t<div class=\"elementor-element elementor-element-4dbe95c elementor-widget elementor-widget-text-editor\" data-id=\"4dbe95c\" data-element_type=\"widget\" data-widget_type=\"text-editor.default\">\n\t\t\t\t<div class=\"elementor-widget-container\">\n\t\t\t\t\t\t\t<p>\u2e3b<\/p>\n<p><!-- \/wp:paragraph --><\/p>\n<p><!-- wp:paragraph --><\/p>\n<p>\u26a0\ufe0f IMPORTANTE \u2013 Leer antes de inscribirse<br \/>Todo paciente que desee participar debe contar con autorizaci\u00f3n previa de su m\u00e9dico tratante.<br \/>\u2714\ufe0f Presentar un informe m\u00e9dico actualizado que indique que est\u00e1 en condiciones de realizarse micropigmentaci\u00f3n param\u00e9dica.<br \/>\u2714\ufe0f Incluir la lista de medicamentos que est\u00e1 tomando actualmente.<\/p>\n<p><!-- \/wp:paragraph --><\/p>\n<p><!-- wp:paragraph --><\/p>\n<p>Sin este requisito no podemos atenderlas\/os. Gracias por su comprensi\u00f3n.<br \/>\u2e3b<\/p>\n<p><!-- \/wp:paragraph --><\/p>\t\t\t\t\t\t<\/div>\n\t\t\t\t<\/div>\n\t\t\t\t\t<\/div>\n\t\t\t\t<\/div>\n\t\t<div class=\"elementor-element elementor-element-a986921 e-flex e-con-boxed e-con e-parent\" data-id=\"a986921\" data-element_type=\"container\" data-core-v316-plus=\"true\">\n\t\t\t\t\t<div class=\"e-con-inner\">\n\t\t\t\t<div class=\"elementor-element elementor-element-5860770 elementor-widget elementor-widget-text-editor\" data-id=\"5860770\" data-element_type=\"widget\" data-widget_type=\"text-editor.default\">\n\t\t\t\t<div class=\"elementor-widget-container\">\n\t\t\t\t\t\t\t<p>Lorem ipsum dolor sit amet, consectetur adipiscing elit. Ut elit tellus, luctus nec ullamcorper mattis, pulvinar dapibus leo.<\/p>\t\t\t\t\t\t<\/div>\n\t\t\t\t<\/div>\n\t\t\t\t\t<\/div>\n\t\t\t\t<\/div>\n\t\t\t\t<\/div>","protected":false},"excerpt":{"rendered":"<p>Registro Pacientes Durante m\u00e1s de 8 a\u00f1os, Glamdermis Med Spa &amp; Academy, en apoyo con la Fundaci\u00f3n Doral Pro Health, ha donado cejas y realizado micropigmentaci\u00f3n param\u00e9dica para sobrevivientes de c\u00e1ncer, ofreciendo belleza, confianza y esperanza. Este 18 de octubre, en el marco del D\u00eda Mundial de la Lucha contra el C\u00e1ncer de Mama, realizaremos [&hellip;]<\/p>","protected":false},"author":1,"featured_media":0,"parent":0,"menu_order":0,"comment_status":"closed","ping_status":"closed","template":"page-full-width.php","meta":{"footnotes":""},"class_list":["post-9027","page","type-page","status-publish","hentry"],"_links":{"self":[{"href":"https:\/\/glamdermis.com\/en\/wp-json\/wp\/v2\/pages\/9027","targetHints":{"allow":["GET"]}}],"collection":[{"href":"https:\/\/glamdermis.com\/en\/wp-json\/wp\/v2\/pages"}],"about":[{"href":"https:\/\/glamdermis.com\/en\/wp-json\/wp\/v2\/types\/page"}],"author":[{"embeddable":true,"href":"https:\/\/glamdermis.com\/en\/wp-json\/wp\/v2\/users\/1"}],"replies":[{"embeddable":true,"href":"https:\/\/glamdermis.com\/en\/wp-json\/wp\/v2\/comments?post=9027"}],"version-history":[{"count":53,"href":"https:\/\/glamdermis.com\/en\/wp-json\/wp\/v2\/pages\/9027\/revisions"}],"predecessor-version":[{"id":9144,"href":"https:\/\/glamdermis.com\/en\/wp-json\/wp\/v2\/pages\/9027\/revisions\/9144"}],"wp:attachment":[{"href":"https:\/\/glamdermis.com\/en\/wp-json\/wp\/v2\/media?parent=9027"}],"curies":[{"name":"wp","href":"https:\/\/api.w.org\/{rel}","templated":true}]}}