{"id":8730,"date":"2024-06-17T16:21:04","date_gmt":"2024-06-17T16:21:04","guid":{"rendered":"https:\/\/glamdermis.com\/?page_id=8730"},"modified":"2024-08-05T16:11:14","modified_gmt":"2024-08-05T16:11:14","slug":"cursos","status":"publish","type":"page","link":"https:\/\/glamdermis.com\/en\/cursos\/","title":{"rendered":"Academy"},"content":{"rendered":"<div data-elementor-type=\"wp-page\" data-elementor-id=\"8730\" class=\"elementor elementor-8730\">\n\t\t\t\t<div class=\"elementor-element elementor-element-4317b94f e-con-full e-flex e-con e-parent\" data-id=\"4317b94f\" data-element_type=\"container\" data-core-v316-plus=\"true\">\n\t\t\t\t<div class=\"elementor-element elementor-element-d7cc865 elementor-widget elementor-widget-mien_core_before_after\" data-id=\"d7cc865\" data-element_type=\"widget\" data-widget_type=\"mien_core_before_after.default\">\n\t\t\t\t<div class=\"elementor-widget-container\">\n\t\t\t<div class=\"qodef-shortcode qodef-m  qodef-before-after qodef-before-after-skin--light\">\n\t<div class=\"qodef-before-after-image-holder qodef-m-image\" data-offset=\"50\">\n\t\t<img fetchpriority=\"high\" decoding=\"async\" width=\"1920\" height=\"701\" src=\"https:\/\/glamdermis.com\/wp-content\/uploads\/2024\/05\/h2-before-img.jpg\" class=\"attachment-full size-full\" alt=\"\" srcset=\"https:\/\/glamdermis.com\/wp-content\/uploads\/2024\/05\/h2-before-img.jpg 1920w, https:\/\/glamdermis.com\/wp-content\/uploads\/2024\/05\/h2-before-img-300x110.jpg 300w, https:\/\/glamdermis.com\/wp-content\/uploads\/2024\/05\/h2-before-img-1024x374.jpg 1024w, https:\/\/glamdermis.com\/wp-content\/uploads\/2024\/05\/h2-before-img-768x280.jpg 768w, https:\/\/glamdermis.com\/wp-content\/uploads\/2024\/05\/h2-before-img-1536x561.jpg 1536w, https:\/\/glamdermis.com\/wp-content\/uploads\/2024\/05\/h2-before-img-600x219.jpg 600w\" sizes=\"(max-width: 1920px) 100vw, 1920px\" \/>\t\t<img decoding=\"async\" width=\"1920\" height=\"701\" src=\"https:\/\/glamdermis.com\/wp-content\/uploads\/2024\/05\/h2-after-img.jpg\" class=\"attachment-full size-full\" alt=\"\" srcset=\"https:\/\/glamdermis.com\/wp-content\/uploads\/2024\/05\/h2-after-img.jpg 1920w, https:\/\/glamdermis.com\/wp-content\/uploads\/2024\/05\/h2-after-img-300x110.jpg 300w, https:\/\/glamdermis.com\/wp-content\/uploads\/2024\/05\/h2-after-img-1024x374.jpg 1024w, https:\/\/glamdermis.com\/wp-content\/uploads\/2024\/05\/h2-after-img-768x280.jpg 768w, https:\/\/glamdermis.com\/wp-content\/uploads\/2024\/05\/h2-after-img-1536x561.jpg 1536w, https:\/\/glamdermis.com\/wp-content\/uploads\/2024\/05\/h2-after-img-600x219.jpg 600w\" sizes=\"(max-width: 1920px) 100vw, 1920px\" \/>\t<\/div>\n<\/div>\n\t\t<\/div>\n\t\t\t\t<\/div>\n\t\t\t\t<\/div>\n\t\t<div class=\"elementor-element elementor-element-d64fc14 e-flex e-con-boxed e-con e-parent\" data-id=\"d64fc14\" data-element_type=\"container\" data-core-v316-plus=\"true\">\n\t\t\t\t\t<div class=\"e-con-inner\">\n\t\t\t\t<div class=\"elementor-element elementor-element-57ece0a elementor-widget elementor-widget-html\" data-id=\"57ece0a\" data-element_type=\"widget\" data-widget_type=\"html.default\">\n\t\t\t\t<div class=\"elementor-widget-container\">\n\t\t\t      <style>\n     \n     h2 {\n    font-family: Lato, sans-serif;\n    font-weight: 400;\n    color: #fff;\n    font-size: 40px;\n    line-height: 1.25em;\n    margin: 25px 0;\n    -ms-word-wrap: break-word;\n    word-wrap: break-word;\n     }\n        header {\n            background: #333;\n            color: #fff;\n            padding-top: 30px;\n            min-height: 70px;\n            border-bottom: #77c2bb 3px solid;\n        }\n        header a {\n            color: #fff;\n            text-decoration: none;\n            text-transform: uppercase;\n            font-size: 16px;\n        }\n        header ul {\n            padding: 0;\n            list-style: none;\n        }\n        header li {\n            float: left;\n            display: inline;\n            padding: 0 20px 0 20px;\n        }\n        header #branding {\n            float: left;\n        }\n        header #branding h1 {\n            margin: 0;\n        }\n        header nav {\n            float: right;\n            margin-top: 10px;\n        }\n        .showcase {\n                text-align: center;\n    color: #fff;\n    padding: 25px 0;\n        }\n      .showcase h1 {\n    margin-top: 76px;\n    font-size: 41px;\n    margin-bottom: 10px;\n    color: #fff;\n}\n        .showcase p {\n            font-size: 20px;\n        }\n        .main-content {\n               padding: 20px;\n    background: transparent;\n    margin-top: 20px;\n    color: #fff;\n        }\n    .course {\n    border: 1px solid #dddddd57;\n    margin: 20px;\n    padding: 20px;\n    border-radius: 5px;\n    background: #ffffff24;\n}\n        .course h2 {\n            margin-top: 0;\n        }\n        .testimonial {\n            background: #333;\n            color: #fff;\n            padding: 20px;\n            margin: 20px 0;\n        }\n        .gallery img {\n            width: 100%;\n            height: auto;\n            margin-bottom: 20px;\n        }\n        .footer {\n            padding: 20px;\n            background: #333;\n            color: #fff;\n            text-align: center;\n            margin-top: 20px;\n        }\n        .wpcf7 input, .wpcf7 textarea {\n    margin-bottom: 0 !important;\n    padding: 11px 18px;\n    border: 1px solid #d0d2d4 !important;\n    background: #fff;\n}\ninput[type=date]:focus, input[type=email]:focus, input[type=number]:focus, input[type=password]:focus, input[type=search]:focus, input[type=tel]:focus, input[type=text]:focus, input[type=url]:focus, select:focus, textarea:focus {\n    background-color: white;\n}\nselect {\n   \n    background-color: #fff;\n    height: 48px;\n    padding-left: 15px;\n}\n.qodef-theme-button, button[type=submit], input[type=submit] {\n    font-family: Lato, sans-serif;\n    font-size: 12px;\n    line-height: 2em;\n    font-weight: 700;\n    letter-spacing: .1em;\n    text-transform: uppercase;\n    position: relative;\n    display: inline-flex;\n    vertical-align: middle;\n    width: auto;\n    margin: 0;\n    text-decoration: none;\n    border-radius: 0;\n    outline: 0;\n    transition: color .25s ease-out, background-color .25s ease-out, border-color .25s ease-out;\n    padding: 11px 64px;\n    color: #fff;\n    background-color: #000;\n    border: 1px solid white;\n    cursor: pointer;\n}\n    <\/style>\n  <section class=\"showcase\">\n        <div class=\"container\">\n            <h1>Welcome to Our Beauty Academy<\/h1>\n            <p>We train the top professionals in the beauty industry<\/p>\n        <\/div>\n    <\/section>\n    <section>\n        <div class=\"container\">\n            <p style=\"color:#fff; text-align:justify\">\n                At our academy, we train future professionals in aesthetics and personal care with an excellent education. We have highly trained instructors, offering courses ranging from basic to advanced techniques, keeping you up to date with the latest trends. We provide ongoing support to ensure your professional success. Join us and discover how we can help you achieve your goals in the exciting world of aesthetics.\n            <\/p>\n        <\/div>\n    <\/section>\n    <section class=\"main-content container\">\n        <h2>Available Courses<\/h2>\n        <div class=\"course\">\n            <h2>Eyebrow design<\/h2>\n            <p>In person: $499<\/p>\n            <p>Online: $249<\/p>\n        <\/div>\n        <div class=\"course\">\n            <h2>Microblading<\/h2>\n            <p>In person: $1199<\/p>\n            <p>Online: $599<\/p>\n        <\/div>\n        <div class=\"course\">\n            <h2>PowderBrows<\/h2>\n            <p>In person: $1299<\/p>\n            <p>Online: $699<\/p>\n        <\/div>\n        <div class=\"course\">\n            <h2>LatinBrows<\/h2>\n            <p>In person: $1399<\/p>\n            <p>Online: $649<\/p>\n        <\/div>\n        <div class=\"course\">\n            <h2>LIP BLUSH<\/h2>\n            <p>In person: $1299<\/p>\n            <p>Online: $649<\/p>\n        <\/div>\n\n        <h2>Why choose us?<\/h2>\n        <ul>\n            <li>Highly qualified teachers<\/li>\n            <li>Academy and instructors accredited and certified by the DBPR<\/li>\n            <li>Kit available in all courses<\/li>\n            <li>Student Testimonials<\/li>\n        <\/ul>\n        \n        <h2>Payment Options<\/h2>\n        <p>We accept credit cards, PayPal and offer financing options.<\/p>\n        \n        <h2>Registration form<\/h2>\n        \n<div class=\"wpcf7 no-js\" id=\"wpcf7-f8936-o1\" lang=\"en-US\" dir=\"ltr\">\n<div class=\"screen-reader-response\"><p role=\"status\" aria-live=\"polite\" aria-atomic=\"true\"><\/p> <ul><\/ul><\/div>\n<form action=\"\/en\/wp-json\/wp\/v2\/pages\/8730#wpcf7-f8936-o1\" method=\"post\" class=\"wpcf7-form init\" aria-label=\"Contact form\" novalidate=\"novalidate\" data-status=\"init\" data-trp-original-action=\"\/en\/wp-json\/wp\/v2\/pages\/8730#wpcf7-f8936-o1\">\n<div style=\"display: none;\">\n<input type=\"hidden\" name=\"_wpcf7\" value=\"8936\" \/>\n<input type=\"hidden\" name=\"_wpcf7_version\" value=\"5.9.3\" \/>\n<input type=\"hidden\" name=\"_wpcf7_locale\" value=\"en_US\" \/>\n<input type=\"hidden\" name=\"_wpcf7_unit_tag\" value=\"wpcf7-f8936-o1\" \/>\n<input type=\"hidden\" name=\"_wpcf7_container_post\" value=\"0\" \/>\n<input type=\"hidden\" name=\"_wpcf7_posted_data_hash\" value=\"\" \/>\n<\/div>\n<div class=\"qodef-contact-us\">\n\n    <div class=\"qodef-grid qodef-layout--columns qodef-col-num--2 qodef-responsive--custom qodef-col-num--1024--2 qodef-col-num--768--2 qodef-col-num--680--1 qodef-col-num--480--1\">\n\n      <div class=\"qodef-grid-inner\">\n\n        <div class=\"qodef-grid-item\"> <span class=\"wpcf7-form-control-wrap\" data-name=\"your-name\"><input size=\"40\" class=\"wpcf7-form-control wpcf7-text wpcf7-validates-as-required\" aria-required=\"true\" aria-invalid=\"false\" placeholder=\"Full Name\" value=\"\" type=\"text\" name=\"your-name\" \/><\/span> <\/div>\n\n        <div class=\"qodef-grid-item\"> <span class=\"wpcf7-form-control-wrap\" data-name=\"your-email\"><input size=\"40\" class=\"wpcf7-form-control wpcf7-email wpcf7-validates-as-required wpcf7-text wpcf7-validates-as-email\" aria-required=\"true\" aria-invalid=\"false\" placeholder=\"E-mail\" value=\"\" type=\"email\" name=\"your-email\" \/><\/span> <\/div>\n\n        \n\n      <\/div>\n\n    <\/div>\n\n    <div class=\"qodef-grid qodef-layout--columns qodef-col-num--2 qodef-responsive--custom qodef-col-num--1024--2 qodef-col-num--768--2 qodef-col-num--680--1 qodef-col-num--480--1\">\n\n      <div class=\"qodef-grid-inner\">\n\n        <div class=\"qodef-grid-item\"> <span class=\"wpcf7-form-control-wrap\" data-name=\"phone\"><input size=\"40\" class=\"wpcf7-form-control wpcf7-tel wpcf7-validates-as-required wpcf7-text wpcf7-validates-as-tel\" aria-required=\"true\" aria-invalid=\"false\" placeholder=\"Telephone\" value=\"\" type=\"tel\" name=\"phone\" \/><\/span> <\/div>\n\n      <div class=\"qodef-grid-item\"> <span class=\"wpcf7-form-control-wrap\" data-name=\"cursos\"><select class=\"wpcf7-form-control wpcf7-select wpcf7-validates-as-required\" id=\"Academia\" aria-required=\"true\" aria-invalid=\"false\" name=\"cursos\"><option value=\"Dise\u00f1o de cejas\">Eyebrow design<\/option><option value=\"Microblading\">Microblading<\/option><option value=\"PowderBrows\">PowderBrows<\/option><option value=\"LatinBrows\">LatinBrows<\/option><option value=\"LIP BLUSH\">LIP BLUSH<\/option><\/select><\/span> <\/div>\n\n      <\/div>\n\n    <\/div>\n\n\n \n\n    <div class=\"qodef-grid qodef-layout--columns qodef-col-num--1 style=\"text-align: center;\"\">\n\n      <div class=\"qodef-grid-inner\">\n\n        <div class=\"qodef-grid-item\" style=\"text-align: center;\"> <button class=\"wpcf7-form-control wpcf7-submit qodef-button qodef-size--normal qodef-layout--filled qodef-m\" type=\"submit\"><span class=\"qodef-m-text\">Register<\/span><\/button> <\/div>\n\n      <\/div>\n\n    <\/div>\n\n<\/div><div class=\"wpcf7-response-output\" aria-hidden=\"true\"><\/div>\n<input type=\"hidden\" name=\"trp-form-language\" value=\"en\"\/><\/form>\n<\/div>\n\n\n        <h2>Student Testimonials<\/h2>\n        <div class=\"testimonial\">\n            <p>\"The best academy, with highly qualified teachers. My experience was excellent!\" - Ana G.<\/p>\n        <\/div>\n        <div class=\"testimonial\">\n            <p>\"The online courses are very comprehensive and accessible. Highly recommended.\" - Carlos M.<\/p>\n        <\/div>\n\n       \n    <\/section>\n\t\t<\/div>\n\t\t\t\t<\/div>\n\t\t\t\t\t<\/div>\n\t\t\t\t<\/div>\n\t\t\t\t<\/div>","protected":false},"excerpt":{"rendered":"<p>Bienvenidos a Nuestra Academia de Belleza Formamos a los mejores profesionales del sector En nuestra academia, formamos a futuros profesionales en est\u00e9tica y cuidado personal con una educaci\u00f3n de excelencia. Contamos con instructores altamente capacitados, ofreciendo cursos que abarcan desde t\u00e9cnicas b\u00e1sicas hasta avanzadas, manteni\u00e9ndote al d\u00eda con las \u00faltimas tendencias. Proporcionamos un soporte continuo [&hellip;]<\/p>","protected":false},"author":1,"featured_media":0,"parent":0,"menu_order":0,"comment_status":"closed","ping_status":"closed","template":"page-full-width.php","meta":{"footnotes":""},"class_list":["post-8730","page","type-page","status-publish","hentry"],"_links":{"self":[{"href":"https:\/\/glamdermis.com\/en\/wp-json\/wp\/v2\/pages\/8730","targetHints":{"allow":["GET"]}}],"collection":[{"href":"https:\/\/glamdermis.com\/en\/wp-json\/wp\/v2\/pages"}],"about":[{"href":"https:\/\/glamdermis.com\/en\/wp-json\/wp\/v2\/types\/page"}],"author":[{"embeddable":true,"href":"https:\/\/glamdermis.com\/en\/wp-json\/wp\/v2\/users\/1"}],"replies":[{"embeddable":true,"href":"https:\/\/glamdermis.com\/en\/wp-json\/wp\/v2\/comments?post=8730"}],"version-history":[{"count":53,"href":"https:\/\/glamdermis.com\/en\/wp-json\/wp\/v2\/pages\/8730\/revisions"}],"predecessor-version":[{"id":9035,"href":"https:\/\/glamdermis.com\/en\/wp-json\/wp\/v2\/pages\/8730\/revisions\/9035"}],"wp:attachment":[{"href":"https:\/\/glamdermis.com\/en\/wp-json\/wp\/v2\/media?parent=8730"}],"curies":[{"name":"wp","href":"https:\/\/api.w.org\/{rel}","templated":true}]}}