{"id":4854,"date":"2023-10-12T09:46:26","date_gmt":"2023-10-12T09:46:26","guid":{"rendered":"https:\/\/mien.qodeinteractive.com\/?page_id=4854"},"modified":"2025-03-18T17:12:15","modified_gmt":"2025-03-18T17:12:15","slug":"contact-us","status":"publish","type":"page","link":"https:\/\/glamdermis.com\/en\/contact-us\/","title":{"rendered":"Contact Us"},"content":{"rendered":"<div data-elementor-type=\"wp-page\" data-elementor-id=\"4854\" class=\"elementor elementor-4854\">\n\t\t\t\t<div class=\"elementor-element elementor-element-2f4be67 e-con-full qodef-elementor-content-grid e-flex e-con e-parent\" data-id=\"2f4be67\" data-element_type=\"container\" data-core-v316-plus=\"true\">\n\t\t\t\t<div class=\"elementor-element elementor-element-49ee4f6 elementor-widget elementor-widget-mien_core_section_title\" data-id=\"49ee4f6\" data-element_type=\"widget\" data-widget_type=\"mien_core_section_title.default\">\n\t\t\t\t<div class=\"elementor-widget-container\">\n\t\t\t<div class=\"qodef-shortcode qodef-m  qodef-section-title qodef-alignment--center\">\n\t\t<h1 class=\"qodef-m-title\" style=\"color: #FFFFFF\">\n\t\t\t\t\tContact Us\t\t\t<\/h1>\n\t\t<\/div>\n\t\t<\/div>\n\t\t\t\t<\/div>\n\t\t\t\t<div class=\"elementor-element elementor-element-991f4c8 elementor-widget elementor-widget-wp-widget-mien_core_contact_form_7\" data-id=\"991f4c8\" data-element_type=\"widget\" data-widget_type=\"wp-widget-mien_core_contact_form_7.default\">\n\t\t\t\t<div class=\"elementor-widget-container\">\n\t\t\t\t\t\t<div class=\"qodef-contact-form-7\">\n\t\t\t\t\n<div class=\"wpcf7 no-js\" id=\"wpcf7-f26-o1\" lang=\"en-US\" dir=\"ltr\">\n<div class=\"screen-reader-response\"><p role=\"status\" aria-live=\"polite\" aria-atomic=\"true\"><\/p> <ul><\/ul><\/div>\n<form action=\"\/en\/wp-json\/wp\/v2\/pages\/4854#wpcf7-f26-o1\" method=\"post\" class=\"wpcf7-form init\" aria-label=\"Contact form\" novalidate=\"novalidate\" data-status=\"init\" data-trp-original-action=\"\/en\/wp-json\/wp\/v2\/pages\/4854#wpcf7-f26-o1\">\n<div style=\"display: none;\">\n<input type=\"hidden\" name=\"_wpcf7\" value=\"26\" \/>\n<input type=\"hidden\" name=\"_wpcf7_version\" value=\"5.9.3\" \/>\n<input type=\"hidden\" name=\"_wpcf7_locale\" value=\"en_US\" \/>\n<input type=\"hidden\" name=\"_wpcf7_unit_tag\" value=\"wpcf7-f26-o1\" \/>\n<input type=\"hidden\" name=\"_wpcf7_container_post\" value=\"0\" \/>\n<input type=\"hidden\" name=\"_wpcf7_posted_data_hash\" value=\"\" \/>\n<\/div>\n<div class=\"qodef-contact-us\">\n\n    <div class=\"qodef-grid qodef-layout--columns qodef-col-num--2 qodef-responsive--custom qodef-col-num--1024--2 qodef-col-num--768--2 qodef-col-num--680--1 qodef-col-num--480--1\">\n\n      <div class=\"qodef-grid-inner\">\n\n        <div class=\"qodef-grid-item\"> <span class=\"wpcf7-form-control-wrap\" data-name=\"your-name\"><input size=\"40\" class=\"wpcf7-form-control wpcf7-text wpcf7-validates-as-required\" aria-required=\"true\" aria-invalid=\"false\" placeholder=\"Full Name\" value=\"\" type=\"text\" name=\"your-name\" \/><\/span> <\/div>\n\n        <div class=\"qodef-grid-item\"> <span class=\"wpcf7-form-control-wrap\" data-name=\"your-email\"><input size=\"40\" class=\"wpcf7-form-control wpcf7-email wpcf7-validates-as-required wpcf7-text wpcf7-validates-as-email\" aria-required=\"true\" aria-invalid=\"false\" placeholder=\"E-mail\" value=\"\" type=\"email\" name=\"your-email\" \/><\/span> <\/div>\n\n        \n\n      <\/div>\n\n    <\/div>\n\n    <div class=\"qodef-grid qodef-layout--columns qodef-col-num--2 qodef-responsive--custom qodef-col-num--1024--2 qodef-col-num--768--2 qodef-col-num--680--1 qodef-col-num--480--1\">\n\n      <div class=\"qodef-grid-inner\">\n\n        <div class=\"qodef-grid-item\"> <span class=\"wpcf7-form-control-wrap\" data-name=\"your-name\"><input size=\"40\" class=\"wpcf7-form-control wpcf7-tel wpcf7-validates-as-required wpcf7-text wpcf7-validates-as-tel\" aria-required=\"true\" aria-invalid=\"false\" placeholder=\"Phone\" value=\"\" type=\"tel\" name=\"your-name\" \/><\/span> <\/div>\n\n        <div class=\"qodef-grid-item\"> <span class=\"wpcf7-form-control-wrap\" data-name=\"your-website\"><input size=\"40\" class=\"wpcf7-form-control wpcf7-text wpcf7-validates-as-required\" aria-required=\"true\" aria-invalid=\"false\" placeholder=\"Website\" value=\"\" type=\"text\" name=\"your-website\" \/><\/span> <\/div>\n\n      <\/div>\n\n    <\/div>\n\n     <div class=\"qodef-grid qodef-layout--columns qodef-col-num--1\">\n\n      <div class=\"qodef-grid-inner\">\n\n       <div class=\"qodef-grid-item\"> <span class=\"wpcf7-form-control-wrap\" data-name=\"your-message\"><textarea cols=\"40\" rows=\"10\" class=\"wpcf7-form-control wpcf7-textarea\" aria-invalid=\"false\" placeholder=\"Type question here...\" name=\"your-message\"><\/textarea><\/span> <\/div>\n\n      <\/div>\n\n    <\/div>\n\n \n\n    <div class=\"qodef-grid qodef-layout--columns qodef-col-num--1 style=\"text-align: center;\"\">\n\n      <div class=\"qodef-grid-inner\">\n\n        <div class=\"qodef-grid-item\" style=\"text-align: center;\"> <button class=\"wpcf7-form-control wpcf7-submit qodef-button qodef-size--normal qodef-layout--filled qodef-m\" type=\"submit\"><span class=\"qodef-m-text\">Send message<\/span><\/button> <\/div>\n\n      <\/div>\n\n    <\/div>\n\n<\/div><div class=\"wpcf7-response-output\" aria-hidden=\"true\"><\/div>\n<input type=\"hidden\" name=\"trp-form-language\" value=\"en\"\/><\/form>\n<\/div>\n\t\t\t<\/div>\n\t\t\t\t\t<\/div>\n\t\t\t\t<\/div>\n\t\t\t\t<\/div>\n\t\t<div class=\"elementor-element elementor-element-eaee465 e-con-full e-flex e-con e-parent\" data-id=\"eaee465\" data-element_type=\"container\" data-settings=\"{&quot;background_background&quot;:&quot;classic&quot;}\" data-core-v316-plus=\"true\">\n\t\t<div class=\"elementor-element elementor-element-ab657bc e-con-full qodef-elementor-content-grid e-flex e-con e-child\" data-id=\"ab657bc\" data-element_type=\"container\">\n\t\t<div class=\"elementor-element elementor-element-516b485 e-con-full e-flex e-con e-child\" data-id=\"516b485\" data-element_type=\"container\">\n\t\t<div class=\"elementor-element elementor-element-875d232 e-con-full e-flex e-con e-child\" data-id=\"875d232\" data-element_type=\"container\">\n\t\t\t\t<div class=\"elementor-element elementor-element-dd09033 elementor-widget elementor-widget-mien_core_section_title\" data-id=\"dd09033\" data-element_type=\"widget\" data-widget_type=\"mien_core_section_title.default\">\n\t\t\t\t<div class=\"elementor-widget-container\">\n\t\t\t<div class=\"qodef-shortcode qodef-m  qodef-section-title qodef-alignment--center\">\n\t\t<h5 class=\"qodef-m-title\" style=\"color: #FFFFFF\">\n\t\t\t\t\tAddress\t\t\t<\/h5>\n\t\t<\/div>\n\t\t<\/div>\n\t\t\t\t<\/div>\n\t\t\t\t<div class=\"elementor-element elementor-element-8e0abe6 elementor-widget elementor-widget-mien_core_section_title\" data-id=\"8e0abe6\" data-element_type=\"widget\" data-widget_type=\"mien_core_section_title.default\">\n\t\t\t\t<div class=\"elementor-widget-container\">\n\t\t\t<div class=\"qodef-shortcode qodef-m  qodef-section-title qodef-alignment--center\">\n\t\t<p class=\"qodef-m-title\" style=\"color: #BBBABA\">\n\t\t\t\t\tHialeah Gardens Florida 33018\t\t\t<\/p>\n\t\t<\/div>\n\t\t<\/div>\n\t\t\t\t<\/div>\n\t\t\t\t<\/div>\n\t\t<div class=\"elementor-element elementor-element-c1c2b2d e-con-full e-flex e-con e-child\" data-id=\"c1c2b2d\" data-element_type=\"container\">\n\t\t\t\t<div class=\"elementor-element elementor-element-9c4deea elementor-widget elementor-widget-mien_core_section_title\" data-id=\"9c4deea\" data-element_type=\"widget\" data-widget_type=\"mien_core_section_title.default\">\n\t\t\t\t<div class=\"elementor-widget-container\">\n\t\t\t<div class=\"qodef-shortcode qodef-m  qodef-section-title qodef-alignment--center\">\n\t\t<h5 class=\"qodef-m-title\" style=\"color: #FFFFFF\">\n\t\t\t\t\tTelephones\t\t\t<\/h5>\n\t\t<\/div>\n\t\t<\/div>\n\t\t\t\t<\/div>\n\t\t\t\t<div class=\"elementor-element elementor-element-4b2b5c4 elementor-widget elementor-widget-mien_core_section_title\" data-id=\"4b2b5c4\" data-element_type=\"widget\" data-widget_type=\"mien_core_section_title.default\">\n\t\t\t\t<div class=\"elementor-widget-container\">\n\t\t\t<div class=\"qodef-shortcode qodef-m  qodef-section-title qodef-alignment--center\">\n\t\t<p class=\"qodef-m-title\" style=\"color: #BBBABA\">\n\t\t\t\t\t(786)631-7751  \t\t\t<\/p>\n\t\t<\/div>\n\t\t<\/div>\n\t\t\t\t<\/div>\n\t\t\t\t<div class=\"elementor-element elementor-element-55c3563 elementor-widget elementor-widget-mien_core_section_title\" data-id=\"55c3563\" data-element_type=\"widget\" data-widget_type=\"mien_core_section_title.default\">\n\t\t\t\t<div class=\"elementor-widget-container\">\n\t\t\t<div class=\"qodef-shortcode qodef-m  qodef-section-title qodef-alignment--center\">\n\t\t<p class=\"qodef-m-title\" style=\"color: #BBBABA\">\n\t\t\t\t\t(786)868-6911\t\t\t<\/p>\n\t\t<\/div>\n\t\t<\/div>\n\t\t\t\t<\/div>\n\t\t\t\t<\/div>\n\t\t\t\t<\/div>\n\t\t<div class=\"elementor-element elementor-element-65fbbd3 e-con-full e-flex e-con e-child\" data-id=\"65fbbd3\" data-element_type=\"container\">\n\t\t<div class=\"elementor-element elementor-element-fa91302 e-con-full e-flex e-con e-child\" data-id=\"fa91302\" data-element_type=\"container\">\n\t\t\t\t<div class=\"elementor-element elementor-element-f406a78 elementor-widget elementor-widget-mien_core_section_title\" data-id=\"f406a78\" data-element_type=\"widget\" data-widget_type=\"mien_core_section_title.default\">\n\t\t\t\t<div class=\"elementor-widget-container\">\n\t\t\t<div class=\"qodef-shortcode qodef-m  qodef-section-title qodef-alignment--center\">\n\t\t<h5 class=\"qodef-m-title\" style=\"color: #FFFFFF\">\n\t\t\t\t\tEmail\t\t\t<\/h5>\n\t\t<\/div>\n\t\t<\/div>\n\t\t\t\t<\/div>\n\t\t\t\t<div class=\"elementor-element elementor-element-effc910 elementor-widget elementor-widget-mien_core_section_title\" data-id=\"effc910\" data-element_type=\"widget\" data-widget_type=\"mien_core_section_title.default\">\n\t\t\t\t<div class=\"elementor-widget-container\">\n\t\t\t<div class=\"qodef-shortcode qodef-m  qodef-section-title qodef-alignment--center\">\n\t\t<p class=\"qodef-m-title\" style=\"color: #BBBABA\">\n\t\t\t\t\t<a itemprop=\"url\" href=\"mailto:glamdermis@gmail.com\" target=\"_blank\">\n\t\t\t\t\tglamdermis@gmail.com\t\t\t\t\t<\/a>\n\t\t\t<\/p>\n\t\t<\/div>\n\t\t<\/div>\n\t\t\t\t<\/div>\n\t\t\t\t<\/div>\n\t\t<div class=\"elementor-element elementor-element-a174092 e-con-full e-flex e-con e-child\" data-id=\"a174092\" data-element_type=\"container\">\n\t\t\t\t<div class=\"elementor-element elementor-element-067ec36 elementor-widget elementor-widget-mien_core_section_title\" data-id=\"067ec36\" data-element_type=\"widget\" data-widget_type=\"mien_core_section_title.default\">\n\t\t\t\t<div class=\"elementor-widget-container\">\n\t\t\t<div class=\"qodef-shortcode qodef-m  qodef-section-title qodef-alignment--center\">\n\t\t<h5 class=\"qodef-m-title\" style=\"color: #FFFFFF\">\n\t\t\t\t\tSchedule\t\t\t<\/h5>\n\t\t<\/div>\n\t\t<\/div>\n\t\t\t\t<\/div>\n\t\t\t\t<div class=\"elementor-element elementor-element-4bbb5fb elementor-widget elementor-widget-mien_core_section_title\" data-id=\"4bbb5fb\" data-element_type=\"widget\" data-widget_type=\"mien_core_section_title.default\">\n\t\t\t\t<div class=\"elementor-widget-container\">\n\t\t\t<div class=\"qodef-shortcode qodef-m  qodef-section-title qodef-alignment--center\">\n\t\t<p class=\"qodef-m-title\" style=\"color: #BBBABA\">\n\t\t\t\t\tLunes a S\u00e1bado\t\t\t<\/p>\n\t\t<\/div>\n\t\t<\/div>\n\t\t\t\t<\/div>\n\t\t\t\t<div class=\"elementor-element elementor-element-b81deb6 elementor-widget elementor-widget-mien_core_section_title\" data-id=\"b81deb6\" data-element_type=\"widget\" data-widget_type=\"mien_core_section_title.default\">\n\t\t\t\t<div class=\"elementor-widget-container\">\n\t\t\t<div class=\"qodef-shortcode qodef-m  qodef-section-title qodef-alignment--center\">\n\t\t<p class=\"qodef-m-title\" style=\"color: #BBBABA\">\n\t\t\t\t\t10am a 7pm\t\t\t<\/p>\n\t\t<\/div>\n\t\t<\/div>\n\t\t\t\t<\/div>\n\t\t\t\t<\/div>\n\t\t\t\t<\/div>\n\t\t\t\t<\/div>\n\t\t\t\t<\/div>\n\t\t\t\t<\/div>","protected":false},"excerpt":{"rendered":"<p>Cont\u00e1ctanos Direcci\u00f3n Hialeah Gardens Florida 33018 Tel\u00e9fonos (786)631-7751 (786)868-6911 Email glamdermis@gmail.com Horarios Lunes a S\u00e1bado 10am a 7pm<\/p>","protected":false},"author":1,"featured_media":0,"parent":0,"menu_order":0,"comment_status":"closed","ping_status":"closed","template":"page-full-width.php","meta":{"footnotes":""},"class_list":["post-4854","page","type-page","status-publish","hentry"],"_links":{"self":[{"href":"https:\/\/glamdermis.com\/en\/wp-json\/wp\/v2\/pages\/4854","targetHints":{"allow":["GET"]}}],"collection":[{"href":"https:\/\/glamdermis.com\/en\/wp-json\/wp\/v2\/pages"}],"about":[{"href":"https:\/\/glamdermis.com\/en\/wp-json\/wp\/v2\/types\/page"}],"author":[{"embeddable":true,"href":"https:\/\/glamdermis.com\/en\/wp-json\/wp\/v2\/users\/1"}],"replies":[{"embeddable":true,"href":"https:\/\/glamdermis.com\/en\/wp-json\/wp\/v2\/comments?post=4854"}],"version-history":[{"count":25,"href":"https:\/\/glamdermis.com\/en\/wp-json\/wp\/v2\/pages\/4854\/revisions"}],"predecessor-version":[{"id":9022,"href":"https:\/\/glamdermis.com\/en\/wp-json\/wp\/v2\/pages\/4854\/revisions\/9022"}],"wp:attachment":[{"href":"https:\/\/glamdermis.com\/en\/wp-json\/wp\/v2\/media?parent=4854"}],"curies":[{"name":"wp","href":"https:\/\/api.w.org\/{rel}","templated":true}]}}